{"id":610,"date":"2025-08-25T06:22:12","date_gmt":"2025-08-25T06:22:12","guid":{"rendered":"https:\/\/landschaftskongress.ch\/2022\/?page_id=610"},"modified":"2025-10-16T09:12:37","modified_gmt":"2025-10-16T09:12:37","slug":"aktuelles","status":"publish","type":"page","link":"https:\/\/landschaftskongress.ch\/2022\/","title":{"rendered":"Aktuelles"},"content":{"rendered":"\t\t<div data-elementor-type=\"wp-page\" data-elementor-id=\"610\" class=\"elementor elementor-610\" data-elementor-post-type=\"page\">\n\t\t\t\t<div class=\"elementor-element elementor-element-cb320cf e-con-full e-flex elementor-invisible e-con e-parent\" data-id=\"cb320cf\" data-element_type=\"container\" data-e-type=\"container\" data-settings=\"{&quot;sticky&quot;:&quot;top&quot;,&quot;animation&quot;:&quot;fadeInUp&quot;,&quot;position&quot;:&quot;absolute&quot;,&quot;sticky_on&quot;:[&quot;desktop&quot;,&quot;tablet&quot;,&quot;mobile&quot;],&quot;sticky_offset&quot;:0,&quot;sticky_effects_offset&quot;:0,&quot;sticky_anchor_link_offset&quot;:0}\">\n\t\t<div class=\"elementor-element elementor-element-ead3a22 e-con-full e-flex e-con e-child\" data-id=\"ead3a22\" data-element_type=\"container\" data-e-type=\"container\">\n\t\t\t\t<div class=\"elementor-element elementor-element-8cfd7a1 elementor-widget elementor-widget-image\" data-id=\"8cfd7a1\" data-element_type=\"widget\" data-e-type=\"widget\" id=\"headerTitel_02\" data-widget_type=\"image.default\">\n\t\t\t\t<div class=\"elementor-widget-container\">\n\t\t\t\t\t\t\t\t\t\t\t\t\t\t\t<img fetchpriority=\"high\" decoding=\"async\" width=\"595\" height=\"294\" src=\"https:\/\/landschaftskongress.ch\/2022\/wp-content\/uploads\/2025\/08\/landschaftskongress_2022_logo_DE.svg\" class=\"attachment-large size-large wp-image-732\" alt=\"\" \/>\t\t\t\t\t\t\t\t\t\t\t\t\t\t\t<\/div>\n\t\t\t\t<\/div>\n\t\t\t\t<\/div>\n\t\t<div class=\"elementor-element elementor-element-23fee91 e-con-full e-flex e-con e-child\" data-id=\"23fee91\" data-element_type=\"container\" data-e-type=\"container\">\n\t\t\t\t<div class=\"elementor-element elementor-element-cee8666 elementor-widget elementor-widget-heading\" data-id=\"cee8666\" data-element_type=\"widget\" data-e-type=\"widget\" id=\"headerTitel\" data-widget_type=\"heading.default\">\n\t\t\t\t<div class=\"elementor-widget-container\">\n\t\t\t\t\t<h1 class=\"elementor-heading-title elementor-size-default\">HIN ZU EINER NEUEN<\/h1>\t\t\t\t<\/div>\n\t\t\t\t<\/div>\n\t\t\t\t<div class=\"elementor-element elementor-element-89e9628 elementor-widget elementor-widget-heading\" data-id=\"89e9628\" data-element_type=\"widget\" data-e-type=\"widget\" id=\"headerTitel_03\" data-widget_type=\"heading.default\">\n\t\t\t\t<div class=\"elementor-widget-container\">\n\t\t\t\t\t<h1 class=\"elementor-heading-title elementor-size-default\">LANDSCHAFTS-\nKULTUR<\/h1>\t\t\t\t<\/div>\n\t\t\t\t<\/div>\n\t\t\t\t<\/div>\n\t\t\t\t<\/div>\n\t\t<div class=\"elementor-element elementor-element-20aa8ad e-con-full e-flex e-con e-parent\" data-id=\"20aa8ad\" data-element_type=\"container\" data-e-type=\"container\">\n\t\t\t\t<div class=\"elementor-element elementor-element-fe57bb2 elementor-widget elementor-widget-image\" data-id=\"fe57bb2\" data-element_type=\"widget\" data-e-type=\"widget\" data-widget_type=\"image.default\">\n\t\t\t\t<div class=\"elementor-widget-container\">\n\t\t\t\t\t\t\t\t\t\t\t\t\t\t\t<img decoding=\"async\" width=\"800\" height=\"353\" src=\"https:\/\/landschaftskongress.ch\/2022\/wp-content\/uploads\/2025\/08\/landschaftskongress-2022-header-grafik.svg\" class=\"attachment-large size-large wp-image-727\" alt=\"\" \/>\t\t\t\t\t\t\t\t\t\t\t\t\t\t\t<\/div>\n\t\t\t\t<\/div>\n\t\t\t\t<\/div>\n\t\t<div class=\"elementor-element elementor-element-a9b9272 e-flex e-con-boxed e-con e-parent\" data-id=\"a9b9272\" data-element_type=\"container\" data-e-type=\"container\" data-settings=\"{&quot;background_background&quot;:&quot;classic&quot;}\">\n\t\t\t\t\t<div class=\"e-con-inner\">\n\t\t\t\t<div class=\"elementor-element elementor-element-d507aab elementor-widget elementor-widget-heading\" data-id=\"d507aab\" data-element_type=\"widget\" data-e-type=\"widget\" data-widget_type=\"heading.default\">\n\t\t\t\t<div class=\"elementor-widget-container\">\n\t\t\t\t\t<h2 class=\"elementor-heading-title elementor-size-default\">News \/ Aktuelles<\/h2>\t\t\t\t<\/div>\n\t\t\t\t<\/div>\n\t\t<div class=\"elementor-element elementor-element-10a46e6 e-con-full e-flex e-con e-child\" data-id=\"10a46e6\" data-element_type=\"container\" data-e-type=\"container\">\n\t\t\t\t<div class=\"elementor-element elementor-element-9bc2d4e elementor-invisible elementor-widget elementor-widget-heading\" data-id=\"9bc2d4e\" data-element_type=\"widget\" data-e-type=\"widget\" data-settings=\"{&quot;_animation&quot;:&quot;fadeInUp&quot;}\" data-widget_type=\"heading.default\">\n\t\t\t\t<div class=\"elementor-widget-container\">\n\t\t\t\t\t<h3 class=\"elementor-heading-title elementor-size-default\">Der 3. Schweizer Landschaftskongress ist Geschichte<\/h3>\t\t\t\t<\/div>\n\t\t\t\t<\/div>\n\t\t\t\t<div class=\"elementor-element elementor-element-17d7a4b elementor-invisible elementor-widget elementor-widget-text-editor\" data-id=\"17d7a4b\" data-element_type=\"widget\" data-e-type=\"widget\" data-settings=\"{&quot;_animation&quot;:&quot;fadeIn&quot;,&quot;_animation_delay&quot;:300}\" data-widget_type=\"text-editor.default\">\n\t\t\t\t<div class=\"elementor-widget-container\">\n\t\t\t\t\t\t\t\t\t<p>Rund 350 Personen aus Praxis, Wissenschaft und Politik waren zwei Tage in Rapperswil, bei Diskussionen, Vortr\u00e4gen, Exkursionen und dem Marktplatz. Vielen Dank allen, die dabei waren! In den n\u00e4chsten Wochen werden wir sukzessive die Kongressbeitr\u00e4ge aufschalten, den Anfang machen die Filme zu den drei Landschaften Valposchiavo, Limmattal und Lausanne, die sie sich hier finden.<\/p><p><a class=\"external\" title=\"Meldung\" href=\"https:\/\/landscape-alps-parks.scnat.ch\/de\/uuid\/i\/b3873338-f69e-5e76-a030-8566757fabf7-Das_war_der_3._Schweizer_Landschaftskongress_%E2%80%93_Hin_zu_einer_neuen_und_nachhaltigen_Landschaftskultur\" target=\"_blank\" rel=\"noopener\" data-link-target=\"blank\">Meldung<\/a>\u00a0zum Landschaftskongress; Forum Landschaft, Alpen, P\u00e4rke<br \/><a class=\"external\" title=\"Twitter Moments\" href=\"https:\/\/twitter.com\/i\/events\/1569577776121892865\" target=\"_blank\" rel=\"noopener\" data-link-target=\"blank\">Twitter Moments<\/a><br \/><a class=\"external\" title=\"Plenumsvortr\u00e4ge\" href=\"https:\/\/www.youtube.com\/channel\/UC2MSysKyytYWxuKRVWOOF9w\" target=\"_blank\" rel=\"noopener\" data-link-target=\"blank\">Plenumsvortr\u00e4ge<\/a>\u00a0auf dem Youtube Kanal des Studiengangs Landschaftsarchitektur<\/p>\t\t\t\t\t\t\t\t<\/div>\n\t\t\t\t<\/div>\n\t\t<div class=\"elementor-element elementor-element-8b0734d e-grid e-con-full e-con e-child\" data-id=\"8b0734d\" data-element_type=\"container\" data-e-type=\"container\">\n\t\t<div class=\"elementor-element elementor-element-0ef4294 e-con-full e-flex elementor-invisible e-con e-child\" data-id=\"0ef4294\" data-element_type=\"container\" data-e-type=\"container\" data-settings=\"{&quot;animation&quot;:&quot;fadeIn&quot;,&quot;animation_delay&quot;:300}\">\n\t\t\t\t<div class=\"elementor-element elementor-element-93daa83 elementor-invisible elementor-widget elementor-widget-heading\" data-id=\"93daa83\" data-element_type=\"widget\" data-e-type=\"widget\" data-settings=\"{&quot;_animation&quot;:&quot;fadeInUp&quot;}\" data-widget_type=\"heading.default\">\n\t\t\t\t<div class=\"elementor-widget-container\">\n\t\t\t\t\t<h3 class=\"elementor-heading-title elementor-size-default\">LAUSANNE<\/h3>\t\t\t\t<\/div>\n\t\t\t\t<\/div>\n\t\t\t\t<div class=\"elementor-element elementor-element-f1aec86 elementor-widget elementor-widget-video\" data-id=\"f1aec86\" data-element_type=\"widget\" data-e-type=\"widget\" data-settings=\"{&quot;youtube_url&quot;:&quot;https:\\\/\\\/www.youtube.com\\\/embed\\\/abxDRrpfQtU&quot;,&quot;video_type&quot;:&quot;youtube&quot;,&quot;controls&quot;:&quot;yes&quot;}\" data-widget_type=\"video.default\">\n\t\t\t\t<div class=\"elementor-widget-container\">\n\t\t\t\t\t\t\t<div class=\"elementor-wrapper elementor-open-inline\">\n\t\t\t<div class=\"elementor-video\"><\/div>\t\t<\/div>\n\t\t\t\t\t\t<\/div>\n\t\t\t\t<\/div>\n\t\t\t\t<\/div>\n\t\t<div class=\"elementor-element elementor-element-7c3f712 e-con-full e-flex elementor-invisible e-con e-child\" data-id=\"7c3f712\" data-element_type=\"container\" data-e-type=\"container\" data-settings=\"{&quot;animation&quot;:&quot;fadeIn&quot;,&quot;animation_delay&quot;:600}\">\n\t\t\t\t<div class=\"elementor-element elementor-element-192d8e8 elementor-invisible elementor-widget elementor-widget-heading\" data-id=\"192d8e8\" data-element_type=\"widget\" data-e-type=\"widget\" data-settings=\"{&quot;_animation&quot;:&quot;fadeInUp&quot;}\" data-widget_type=\"heading.default\">\n\t\t\t\t<div class=\"elementor-widget-container\">\n\t\t\t\t\t<h3 class=\"elementor-heading-title elementor-size-default\">LIMMATTAL<\/h3>\t\t\t\t<\/div>\n\t\t\t\t<\/div>\n\t\t\t\t<div class=\"elementor-element elementor-element-9857f95 elementor-widget elementor-widget-video\" data-id=\"9857f95\" data-element_type=\"widget\" data-e-type=\"widget\" data-settings=\"{&quot;youtube_url&quot;:&quot;https:\\\/\\\/www.youtube.com\\\/embed\\\/FpIC6NTMLDY&quot;,&quot;video_type&quot;:&quot;youtube&quot;,&quot;controls&quot;:&quot;yes&quot;}\" data-widget_type=\"video.default\">\n\t\t\t\t<div class=\"elementor-widget-container\">\n\t\t\t\t\t\t\t<div class=\"elementor-wrapper elementor-open-inline\">\n\t\t\t<div class=\"elementor-video\"><\/div>\t\t<\/div>\n\t\t\t\t\t\t<\/div>\n\t\t\t\t<\/div>\n\t\t\t\t<\/div>\n\t\t<div class=\"elementor-element elementor-element-7465322 e-con-full e-flex elementor-invisible e-con e-child\" data-id=\"7465322\" data-element_type=\"container\" data-e-type=\"container\" data-settings=\"{&quot;animation&quot;:&quot;fadeIn&quot;,&quot;animation_delay&quot;:900}\">\n\t\t\t\t<div class=\"elementor-element elementor-element-a2e8d97 elementor-invisible elementor-widget elementor-widget-heading\" data-id=\"a2e8d97\" data-element_type=\"widget\" data-e-type=\"widget\" data-settings=\"{&quot;_animation&quot;:&quot;fadeInUp&quot;}\" data-widget_type=\"heading.default\">\n\t\t\t\t<div class=\"elementor-widget-container\">\n\t\t\t\t\t<h3 class=\"elementor-heading-title elementor-size-default\">VALPOSCHIAVO<\/h3>\t\t\t\t<\/div>\n\t\t\t\t<\/div>\n\t\t\t\t<div class=\"elementor-element elementor-element-05778e4 elementor-widget elementor-widget-video\" data-id=\"05778e4\" data-element_type=\"widget\" data-e-type=\"widget\" data-settings=\"{&quot;youtube_url&quot;:&quot;https:\\\/\\\/www.youtube.com\\\/embed\\\/964SMbLWy9M&quot;,&quot;video_type&quot;:&quot;youtube&quot;,&quot;controls&quot;:&quot;yes&quot;}\" data-widget_type=\"video.default\">\n\t\t\t\t<div class=\"elementor-widget-container\">\n\t\t\t\t\t\t\t<div class=\"elementor-wrapper elementor-open-inline\">\n\t\t\t<div class=\"elementor-video\"><\/div>\t\t<\/div>\n\t\t\t\t\t\t<\/div>\n\t\t\t\t<\/div>\n\t\t\t\t<\/div>\n\t\t\t\t<\/div>\n\t\t\t\t<\/div>\n\t\t<div class=\"elementor-element elementor-element-8adf3b2 e-con-full e-flex e-con e-child\" data-id=\"8adf3b2\" data-element_type=\"container\" data-e-type=\"container\">\n\t\t\t\t<div class=\"elementor-element elementor-element-9395186 elementor-invisible elementor-widget elementor-widget-heading\" data-id=\"9395186\" data-element_type=\"widget\" data-e-type=\"widget\" data-settings=\"{&quot;_animation&quot;:&quot;fadeInUp&quot;}\" data-widget_type=\"heading.default\">\n\t\t\t\t<div class=\"elementor-widget-container\">\n\t\t\t\t\t<h3 class=\"elementor-heading-title elementor-size-default\">Book of Abstracts online<\/h3>\t\t\t\t<\/div>\n\t\t\t\t<\/div>\n\t\t\t\t<div class=\"elementor-element elementor-element-a4808ae elementor-invisible elementor-widget elementor-widget-text-editor\" data-id=\"a4808ae\" data-element_type=\"widget\" data-e-type=\"widget\" data-settings=\"{&quot;_animation&quot;:&quot;fadeIn&quot;,&quot;_animation_delay&quot;:300}\" data-widget_type=\"text-editor.default\">\n\t\t\t\t<div class=\"elementor-widget-container\">\n\t\t\t\t\t\t\t\t\t<p>Im Book of Abstracts finden sich die Zusammenfassungen der Vortr\u00e4ge sowie alle weiteren Informationen vom 3. Landschaftskongress\u00a0<\/p><p><a class=\"external_2022\" href=\"https:\/\/landschaftskongress.ch\/2022\/wp-content\/uploads\/2025\/08\/Book_of_Abstract_v3.pdf\" target=\"_blank\" rel=\"noopener\">Hier anzeigen [PDF, 13.4 MB]\u00a0<\/a><\/p>\t\t\t\t\t\t\t\t<\/div>\n\t\t\t\t<\/div>\n\t\t\t\t<\/div>\n\t\t<div class=\"elementor-element elementor-element-8821ffa e-con-full e-flex e-con e-child\" data-id=\"8821ffa\" data-element_type=\"container\" data-e-type=\"container\">\n\t\t\t\t<div class=\"elementor-element elementor-element-44d757b elementor-invisible elementor-widget elementor-widget-heading\" data-id=\"44d757b\" data-element_type=\"widget\" data-e-type=\"widget\" data-settings=\"{&quot;_animation&quot;:&quot;fadeInUp&quot;}\" data-widget_type=\"heading.default\">\n\t\t\t\t<div class=\"elementor-widget-container\">\n\t\t\t\t\t<h3 class=\"elementor-heading-title elementor-size-default\">Hin zu einer neuen Landschaftskultur<\/h3>\t\t\t\t<\/div>\n\t\t\t\t<\/div>\n\t\t\t\t<div class=\"elementor-element elementor-element-1a2a039 elementor-invisible elementor-widget elementor-widget-text-editor\" data-id=\"1a2a039\" data-element_type=\"widget\" data-e-type=\"widget\" data-settings=\"{&quot;_animation&quot;:&quot;fadeIn&quot;,&quot;_animation_delay&quot;:300}\" data-widget_type=\"text-editor.default\">\n\t\t\t\t<div class=\"elementor-widget-container\">\n\t\t\t\t\t\t\t\t\t<p>Arealentwicklung im ehemaligen Industriegebiet. Bauen und Gestalten von Siedlungen, Infrastrukturen und Freir\u00e4umen. Planen und Bewirtschaften des Agrarlandes. Filmen und Werben mit Landschaftsbildern. Wir gestalten tagt\u00e4glich Landschaft und pr\u00e4gen deren Wahrnehmung \u2013 in der Stadt, auf dem Land und in den Bergen, im B\u00fcro und im Feld. Angesichts des anhaltenden Drucks auf die Landschaftsqualit\u00e4t und neuer Herausforderungen wie der Biodiversit\u00e4ts- und Klimakrise sind sp\u00fcrbare Ver\u00e4nderungen im Denken und Handeln f\u00fcr eine nachhaltige Landschaftskultur n\u00f6tig.<br \/><br \/>Der\u00a03. Schweizer Landschaftskongress am <strong>8.-9. September 2022<\/strong>\u00a0an der Ostschweizer Fachhochschule OST in Rapperswil diskutiert diese Herausforderungen f\u00fcr die Landschaft in der Schweiz. Eingeladen sind Vertreterinnen und Vertreter aus Praxis und Politik, Forschung und Lehre, sich am Dialog zu beteiligen und L\u00f6sungen zu entwickeln.\u00a0<br \/>\u00a0<br \/>Wir haben \u00fcber 120 spannende Vorschl\u00e4ge f\u00fcr Kongressbeitr\u00e4ge erhalten.<\/p><p>\u00a0<\/p>\t\t\t\t\t\t\t\t<\/div>\n\t\t\t\t<\/div>\n\t\t\t\t<\/div>\n\t\t\t\t\t<\/div>\n\t\t\t\t<\/div>\n\t\t\t\t<\/div>\n\t\t","protected":false},"excerpt":{"rendered":"<p>HIN ZU EINER NEUEN LANDSCHAFTS- KULTUR News \/ Aktuelles Der 3. Schweizer Landschaftskongress ist Geschichte Rund 350 Personen aus Praxis, Wissenschaft und Politik waren zwei Tage in Rapperswil, bei Diskussionen, Vortr\u00e4gen, Exkursionen und dem Marktplatz. Vielen Dank allen, die dabei waren! In den n\u00e4chsten Wochen werden wir sukzessive die Kongressbeitr\u00e4ge aufschalten, den Anfang machen die [&hellip;]<\/p>\n","protected":false},"author":1,"featured_media":0,"parent":0,"menu_order":0,"comment_status":"closed","ping_status":"closed","template":"","meta":{"footnotes":""},"class_list":["post-610","page","type-page","status-publish","hentry"],"_links":{"self":[{"href":"https:\/\/landschaftskongress.ch\/2022\/wp-json\/wp\/v2\/pages\/610","targetHints":{"allow":["GET"]}}],"collection":[{"href":"https:\/\/landschaftskongress.ch\/2022\/wp-json\/wp\/v2\/pages"}],"about":[{"href":"https:\/\/landschaftskongress.ch\/2022\/wp-json\/wp\/v2\/types\/page"}],"author":[{"embeddable":true,"href":"https:\/\/landschaftskongress.ch\/2022\/wp-json\/wp\/v2\/users\/1"}],"replies":[{"embeddable":true,"href":"https:\/\/landschaftskongress.ch\/2022\/wp-json\/wp\/v2\/comments?post=610"}],"version-history":[{"count":88,"href":"https:\/\/landschaftskongress.ch\/2022\/wp-json\/wp\/v2\/pages\/610\/revisions"}],"predecessor-version":[{"id":977,"href":"https:\/\/landschaftskongress.ch\/2022\/wp-json\/wp\/v2\/pages\/610\/revisions\/977"}],"wp:attachment":[{"href":"https:\/\/landschaftskongress.ch\/2022\/wp-json\/wp\/v2\/media?parent=610"}],"curies":[{"name":"wp","href":"https:\/\/api.w.org\/{rel}","templated":true}]}}