{"id":610,"date":"2025-08-25T06:22:12","date_gmt":"2025-08-25T06:22:12","guid":{"rendered":"https:\/\/landschaftskongress.ch\/2024\/?page_id=610"},"modified":"2025-10-22T12:28:53","modified_gmt":"2025-10-22T12:28:53","slug":"home-2","status":"publish","type":"page","link":"https:\/\/landschaftskongress.ch\/2024\/","title":{"rendered":"Aktuelles"},"content":{"rendered":"\t\t<div data-elementor-type=\"wp-page\" data-elementor-id=\"610\" class=\"elementor elementor-610\" data-elementor-post-type=\"page\">\n\t\t\t\t<div class=\"elementor-element elementor-element-cb320cf e-con-full e-flex elementor-invisible e-con e-parent\" data-id=\"cb320cf\" data-element_type=\"container\" data-e-type=\"container\" data-settings=\"{&quot;sticky&quot;:&quot;top&quot;,&quot;animation&quot;:&quot;fadeInUp&quot;,&quot;position&quot;:&quot;absolute&quot;,&quot;sticky_on&quot;:[&quot;desktop&quot;,&quot;tablet&quot;,&quot;mobile&quot;],&quot;sticky_offset&quot;:0,&quot;sticky_effects_offset&quot;:0,&quot;sticky_anchor_link_offset&quot;:0}\">\n\t\t<div class=\"elementor-element elementor-element-ead3a22 e-con-full e-flex e-con e-child\" data-id=\"ead3a22\" data-element_type=\"container\" data-e-type=\"container\">\n\t\t\t\t<div class=\"elementor-element elementor-element-8cfd7a1 elementor-widget elementor-widget-image\" data-id=\"8cfd7a1\" data-element_type=\"widget\" data-e-type=\"widget\" id=\"headerTitel_02\" data-widget_type=\"image.default\">\n\t\t\t\t<div class=\"elementor-widget-container\">\n\t\t\t\t\t\t\t\t\t\t\t\t\t\t\t<img fetchpriority=\"high\" decoding=\"async\" width=\"595\" height=\"294\" src=\"https:\/\/landschaftskongress.ch\/2024\/wp-content\/uploads\/2025\/07\/landschaftskongress-2024-titel.svg\" class=\"attachment-large size-large wp-image-26\" alt=\"\" \/>\t\t\t\t\t\t\t\t\t\t\t\t\t\t\t<\/div>\n\t\t\t\t<\/div>\n\t\t\t\t<\/div>\n\t\t<div class=\"elementor-element elementor-element-23fee91 e-con-full e-flex e-con e-child\" data-id=\"23fee91\" data-element_type=\"container\" data-e-type=\"container\">\n\t\t\t\t<div class=\"elementor-element elementor-element-cee8666 elementor-widget elementor-widget-heading\" data-id=\"cee8666\" data-element_type=\"widget\" data-e-type=\"widget\" id=\"headerTitel\" data-widget_type=\"heading.default\">\n\t\t\t\t<div class=\"elementor-widget-container\">\n\t\t\t\t\t<h1 class=\"elementor-heading-title elementor-size-default\">AU D\u00c9FI DE LA<br>\nTRANSITION:<br>\nZUKUNFTS\u2013<br>\nLANDSCHAFTEN<\/h1>\t\t\t\t<\/div>\n\t\t\t\t<\/div>\n\t\t\t\t<\/div>\n\t\t\t\t<\/div>\n\t\t<div class=\"elementor-element elementor-element-20aa8ad e-con-full e-flex e-con e-parent\" data-id=\"20aa8ad\" data-element_type=\"container\" data-e-type=\"container\">\n\t\t\t\t<div class=\"elementor-element elementor-element-fe57bb2 elementor-widget elementor-widget-image\" data-id=\"fe57bb2\" data-element_type=\"widget\" data-e-type=\"widget\" data-widget_type=\"image.default\">\n\t\t\t\t<div class=\"elementor-widget-container\">\n\t\t\t\t\t\t\t\t\t\t\t\t\t\t\t<img decoding=\"async\" width=\"800\" height=\"353\" src=\"https:\/\/landschaftskongress.ch\/2024\/wp-content\/uploads\/2025\/07\/landschaftskongress-2024-header-grafik.svg\" class=\"attachment-large size-large wp-image-24\" alt=\"\" \/>\t\t\t\t\t\t\t\t\t\t\t\t\t\t\t<\/div>\n\t\t\t\t<\/div>\n\t\t\t\t<\/div>\n\t\t<div class=\"elementor-element elementor-element-a9b9272 e-flex e-con-boxed e-con e-parent\" data-id=\"a9b9272\" data-element_type=\"container\" data-e-type=\"container\" data-settings=\"{&quot;background_background&quot;:&quot;classic&quot;}\">\n\t\t\t\t\t<div class=\"e-con-inner\">\n\t\t\t\t<div class=\"elementor-element elementor-element-d507aab elementor-widget elementor-widget-heading\" data-id=\"d507aab\" data-element_type=\"widget\" data-e-type=\"widget\" data-widget_type=\"heading.default\">\n\t\t\t\t<div class=\"elementor-widget-container\">\n\t\t\t\t\t<h2 class=\"elementor-heading-title elementor-size-default\">News \/ Aktuelles<\/h2>\t\t\t\t<\/div>\n\t\t\t\t<\/div>\n\t\t<div class=\"elementor-element elementor-element-10a46e6 e-con-full e-flex e-con e-child\" data-id=\"10a46e6\" data-element_type=\"container\" data-e-type=\"container\">\n\t\t\t\t<div class=\"elementor-element elementor-element-9bc2d4e elementor-invisible elementor-widget elementor-widget-heading\" data-id=\"9bc2d4e\" data-element_type=\"widget\" data-e-type=\"widget\" data-settings=\"{&quot;_animation&quot;:&quot;fadeInUp&quot;}\" data-widget_type=\"heading.default\">\n\t\t\t\t<div class=\"elementor-widget-container\">\n\t\t\t\t\t<h3 class=\"elementor-heading-title elementor-size-default\">Das war der 4. Schweizer Landschaftskongress<\/h3>\t\t\t\t<\/div>\n\t\t\t\t<\/div>\n\t\t\t\t<div class=\"elementor-element elementor-element-17d7a4b elementor-invisible elementor-widget elementor-widget-text-editor\" data-id=\"17d7a4b\" data-element_type=\"widget\" data-e-type=\"widget\" data-settings=\"{&quot;_animation&quot;:&quot;fadeIn&quot;,&quot;_animation_delay&quot;:300}\" data-widget_type=\"text-editor.default\">\n\t\t\t\t<div class=\"elementor-widget-container\">\n\t\t\t\t\t\t\t\t\t<p>Rund 350 Personen aus Praxis, Forschung, Verwaltung und Lehre trafen sich am 5. und 6. September 2024 in Tramelan und Bellelay. In einer Podiumsdiskussion, in Plenumsvortr\u00e4gen, in Parallelveranstaltungen mit Vortr\u00e4gen, an Exkursionen, auf dem Marktplatz und im Rahmen eines abwechslungsreichen Abendprogramms wurden aktuelle Herausforderungen f\u00fcr die Landschaft der Schweiz diskutiert. Ein herzliches Dankesch\u00f6n an alle Referierenden, Tr\u00e4ger, Partner, Sponsoren und Teilnehmenden, die zum Gelingen des Kongresses beigetragen haben.<\/p><p>Das er\u00f6ffnende <a class=\"external_2024\" title=\"Podiumsgespr\u00e4ch\" href=\"https:\/\/www.youtube.com\/watch?v=YtB6CcPpK_E&amp;t=1s\" target=\"_blank\" rel=\"noopener\" data-link-target=\"blank\">Podiumsgespr\u00e4ch<\/a> auf dem YouTube-Kanal der SCNAT.<\/p><p>Die <a class=\"external_2024\" title=\"Tagungsbeobachtung\" href=\"https:\/\/www.youtube.com\/watch?v=xYFAFAqWaeQ\" target=\"_blank\" rel=\"noopener\" data-link-target=\"blank\">Tagungsbeobachtung<\/a> auf dem YouTube-Kanal der SCNAT.<\/p><p>Der 4. Schweizer Landschaftskongress bei <a class=\"external_2024\" title=\"Hochparterre\" href=\"https:\/\/www.hochparterre.ch\/nachrichten\/landschaftsarchitektur\/transit-in-die-zukunftslandschaft#\" target=\"_blank\" rel=\"noopener\" data-link-target=\"blank\">Hochparterre<\/a>.<\/p>\t\t\t\t\t\t\t\t<\/div>\n\t\t\t\t<\/div>\n\t\t\t\t<\/div>\n\t\t<div class=\"elementor-element elementor-element-8adf3b2 e-con-full e-flex e-con e-child\" data-id=\"8adf3b2\" data-element_type=\"container\" data-e-type=\"container\">\n\t\t\t\t<div class=\"elementor-element elementor-element-9395186 elementor-invisible elementor-widget elementor-widget-heading\" data-id=\"9395186\" data-element_type=\"widget\" data-e-type=\"widget\" data-settings=\"{&quot;_animation&quot;:&quot;fadeInUp&quot;}\" data-widget_type=\"heading.default\">\n\t\t\t\t<div class=\"elementor-widget-container\">\n\t\t\t\t\t<h3 class=\"elementor-heading-title elementor-size-default\">Der 5. Schweizer Landschaftskongress in Davos<\/h3>\t\t\t\t<\/div>\n\t\t\t\t<\/div>\n\t\t\t\t<div class=\"elementor-element elementor-element-a4808ae elementor-invisible elementor-widget elementor-widget-text-editor\" data-id=\"a4808ae\" data-element_type=\"widget\" data-e-type=\"widget\" data-settings=\"{&quot;_animation&quot;:&quot;fadeIn&quot;,&quot;_animation_delay&quot;:300}\" data-widget_type=\"text-editor.default\">\n\t\t\t\t<div class=\"elementor-widget-container\">\n\t\t\t\t\t\t\t\t\t<p>Zum Abschluss des 4. Landschaftskongress konnte die WSL als Gastegeberin des 5. Schweizer Landschaftskongress verk\u00fcnden, dass dieser am 3. und 4. September 2026 in Davos stattfinden wird.<\/p>\t\t\t\t\t\t\t\t<\/div>\n\t\t\t\t<\/div>\n\t\t\t\t<\/div>\n\t\t<div class=\"elementor-element elementor-element-8821ffa e-con-full e-flex e-con e-child\" data-id=\"8821ffa\" data-element_type=\"container\" data-e-type=\"container\">\n\t\t\t\t<div class=\"elementor-element elementor-element-44d757b elementor-invisible elementor-widget elementor-widget-heading\" data-id=\"44d757b\" data-element_type=\"widget\" data-e-type=\"widget\" data-settings=\"{&quot;_animation&quot;:&quot;fadeInUp&quot;}\" data-widget_type=\"heading.default\">\n\t\t\t\t<div class=\"elementor-widget-container\">\n\t\t\t\t\t<h3 class=\"elementor-heading-title elementor-size-default\">Das Book of Abstracts und das Faltprogramm sind online<\/h3>\t\t\t\t<\/div>\n\t\t\t\t<\/div>\n\t\t\t\t<div class=\"elementor-element elementor-element-1a2a039 elementor-invisible elementor-widget elementor-widget-text-editor\" data-id=\"1a2a039\" data-element_type=\"widget\" data-e-type=\"widget\" data-settings=\"{&quot;_animation&quot;:&quot;fadeIn&quot;,&quot;_animation_delay&quot;:300}\" data-widget_type=\"text-editor.default\">\n\t\t\t\t<div class=\"elementor-widget-container\">\n\t\t\t\t\t\t\t\t\t<p>Im Book of Abstracts finden sich die Zusammenfassungen der Vortr\u00e4ge, die Faktenbl\u00e4tter der Exkurisonen, viele Poster sowie alle weiteren Informationen zum 4. Schweizer Landschaftskongress.<\/p><p>Downloads:\u00a0<br \/><a href=\"\/2024\/wp-content\/uploads\/2025\/10\/Landschaftskongress-2024-Book.of-Abstract-DE.pdf\" target=\"_blank\" rel=\"noopener\">Book of Abstracts<\/a><br \/><a href=\"\/2024\/wp-content\/uploads\/2025\/10\/Landschaftskongress-2024-Programm-DE.pdf\" target=\"_blank\" rel=\"noopener\">Faltprogramm<\/a><\/p>\t\t\t\t\t\t\t\t<\/div>\n\t\t\t\t<\/div>\n\t\t\t\t<\/div>\n\t\t<div class=\"elementor-element elementor-element-8a9161f e-con-full e-flex e-con e-child\" data-id=\"8a9161f\" data-element_type=\"container\" data-e-type=\"container\">\n\t\t\t\t<div class=\"elementor-element elementor-element-d01b2b3 elementor-invisible elementor-widget elementor-widget-heading\" data-id=\"d01b2b3\" data-element_type=\"widget\" data-e-type=\"widget\" data-settings=\"{&quot;_animation&quot;:&quot;fadeInUp&quot;}\" data-widget_type=\"heading.default\">\n\t\t\t\t<div class=\"elementor-widget-container\">\n\t\t\t\t\t<h3 class=\"elementor-heading-title elementor-size-default\">Au d\u00e9fi de la transition : Zukunftslandschaften<\/h3>\t\t\t\t<\/div>\n\t\t\t\t<\/div>\n\t\t\t\t<div class=\"elementor-element elementor-element-ea0b560 elementor-invisible elementor-widget elementor-widget-text-editor\" data-id=\"ea0b560\" data-element_type=\"widget\" data-e-type=\"widget\" data-settings=\"{&quot;_animation&quot;:&quot;fadeIn&quot;,&quot;_animation_delay&quot;:300}\" data-widget_type=\"text-editor.default\">\n\t\t\t\t<div class=\"elementor-widget-container\">\n\t\t\t\t\t\t\t\t\t<p>Landschaft wandelt sich im Zusammenspiel von Mensch und Umwelt. Sie wird durch unser Wirken ver\u00e4ndert. Gleichzeitig ver\u00e4ndert sie auch uns: wie wir leben, arbeiten und denken. Angesichts des Klimawandels, schwindender Artenvielfalt, Fragen zur Ern\u00e4hrungs- und Energiesicherheit, globaler wirtschaftlicher Vernetzung und demografischem Wandel werden heute zahlreiche Forderungen an die Landschaft gestellt: Sie soll die Qualit\u00e4t unseres Lebensraums bewahren, eine regional vielf\u00e4ltige Raumentwicklung und kontextsensitive Architektur erm\u00f6glichen. Sie soll zur Wirtschaft beisteuern, Arbeit und Erholung gew\u00e4hren und einen nachhaltigen Umgang mit Ressourcen erlauben. Die Suche nach lokal angepassten L\u00f6sungen erweist sich in der Praxis als komplex, da die unterschiedlichen Anspr\u00fcche oft miteinander konkurrieren.\u00a0<\/p><p>Der 4. Schweizer Landschaftskongress diskutiert diese Herausforderungen f\u00fcr die Landschaft in der Schweiz: am 5.-6. September 2024 in Tramelan und Bellelay im Parc naturel r\u00e9gional Chasseral. Interessierte aus Praxis, Politik, Forschung und Lehre sind eingeladen, sich am Dialog zu beteiligen.<\/p>\t\t\t\t\t\t\t\t<\/div>\n\t\t\t\t<\/div>\n\t\t\t\t<\/div>\n\t\t\t\t\t<\/div>\n\t\t\t\t<\/div>\n\t\t\t\t<\/div>\n\t\t","protected":false},"excerpt":{"rendered":"<p>AU D\u00c9FI DE LA TRANSITION: ZUKUNFTS\u2013 LANDSCHAFTEN News \/ Aktuelles Das war der 4. Schweizer Landschaftskongress Rund 350 Personen aus Praxis, Forschung, Verwaltung und Lehre trafen sich am 5. und 6. September 2024 in Tramelan und Bellelay. In einer Podiumsdiskussion, in Plenumsvortr\u00e4gen, in Parallelveranstaltungen mit Vortr\u00e4gen, an Exkursionen, auf dem Marktplatz und im Rahmen eines [&hellip;]<\/p>\n","protected":false},"author":1,"featured_media":0,"parent":0,"menu_order":0,"comment_status":"closed","ping_status":"closed","template":"","meta":{"footnotes":""},"class_list":["post-610","page","type-page","status-publish","hentry"],"_links":{"self":[{"href":"https:\/\/landschaftskongress.ch\/2024\/wp-json\/wp\/v2\/pages\/610","targetHints":{"allow":["GET"]}}],"collection":[{"href":"https:\/\/landschaftskongress.ch\/2024\/wp-json\/wp\/v2\/pages"}],"about":[{"href":"https:\/\/landschaftskongress.ch\/2024\/wp-json\/wp\/v2\/types\/page"}],"author":[{"embeddable":true,"href":"https:\/\/landschaftskongress.ch\/2024\/wp-json\/wp\/v2\/users\/1"}],"replies":[{"embeddable":true,"href":"https:\/\/landschaftskongress.ch\/2024\/wp-json\/wp\/v2\/comments?post=610"}],"version-history":[{"count":19,"href":"https:\/\/landschaftskongress.ch\/2024\/wp-json\/wp\/v2\/pages\/610\/revisions"}],"predecessor-version":[{"id":776,"href":"https:\/\/landschaftskongress.ch\/2024\/wp-json\/wp\/v2\/pages\/610\/revisions\/776"}],"wp:attachment":[{"href":"https:\/\/landschaftskongress.ch\/2024\/wp-json\/wp\/v2\/media?parent=610"}],"curies":[{"name":"wp","href":"https:\/\/api.w.org\/{rel}","templated":true}]}}